{"id":74,"date":"2022-10-02T06:09:01","date_gmt":"2022-10-02T06:09:01","guid":{"rendered":"https:\/\/www.rpo-plus.com\/?page_id=74"},"modified":"2023-07-07T13:15:42","modified_gmt":"2023-07-07T13:15:42","slug":"about-us","status":"publish","type":"page","link":"https:\/\/www.rpo-plus.com\/es\/about-us\/","title":{"rendered":"Nosotros"},"content":{"rendered":"<div data-elementor-type=\"wp-page\" data-elementor-id=\"74\" class=\"elementor elementor-74\">\n\t\t\t\t\t\t<section class=\"elementor-section elementor-top-section elementor-element elementor-element-d9d5db1 elementor-section-boxed elementor-section-height-default elementor-section-height-default\" data-id=\"d9d5db1\" data-element_type=\"section\" data-e-type=\"section\" data-settings=\"{&quot;background_background&quot;:&quot;classic&quot;}\">\n\t\t\t\t\t\t\t<div class=\"elementor-background-overlay\"><\/div>\n\t\t\t\t\t\t\t<div class=\"elementor-container elementor-column-gap-default\">\n\t\t\t\t\t<div class=\"elementor-column elementor-col-100 elementor-top-column elementor-element elementor-element-59d88995\" data-id=\"59d88995\" data-element_type=\"column\" data-e-type=\"column\">\n\t\t\t<div class=\"elementor-widget-wrap elementor-element-populated\">\n\t\t\t\t\t\t<div class=\"elementor-element elementor-element-6323cc46 elementor-widget elementor-widget-heading\" data-id=\"6323cc46\" data-element_type=\"widget\" data-e-type=\"widget\" data-widget_type=\"heading.default\">\n\t\t\t\t<div class=\"elementor-widget-container\">\n\t\t\t\t\t<h2 class=\"elementor-heading-title elementor-size-default\">Nosotros<\/h2>\t\t\t\t<\/div>\n\t\t\t\t<\/div>\n\t\t\t\t<div class=\"elementor-element elementor-element-43d1383d elementor-icon-list--layout-inline elementor-align-center elementor-mobile-align-center elementor-list-item-link-full_width elementor-widget elementor-widget-icon-list\" data-id=\"43d1383d\" data-element_type=\"widget\" data-e-type=\"widget\" data-widget_type=\"icon-list.default\">\n\t\t\t\t<div class=\"elementor-widget-container\">\n\t\t\t\t\t\t\t<ul class=\"elementor-icon-list-items elementor-inline-items\">\n\t\t\t\t\t\t\t<li class=\"elementor-icon-list-item elementor-inline-item\">\n\t\t\t\t\t\t\t\t\t\t<span class=\"elementor-icon-list-text\">Inicio<\/span>\n\t\t\t\t\t\t\t\t\t<\/li>\n\t\t\t\t\t\t\t\t<li class=\"elementor-icon-list-item elementor-inline-item\">\n\t\t\t\t\t\t\t\t\t\t\t<span class=\"elementor-icon-list-icon\">\n\t\t\t\t\t\t\t<i aria-hidden=\"true\" class=\"fas fa-chevron-right\"><\/i>\t\t\t\t\t\t<\/span>\n\t\t\t\t\t\t\t\t\t\t<span class=\"elementor-icon-list-text\">Nosotros<\/span>\n\t\t\t\t\t\t\t\t\t<\/li>\n\t\t\t\t\t\t<\/ul>\n\t\t\t\t\t\t<\/div>\n\t\t\t\t<\/div>\n\t\t\t\t\t<\/div>\n\t\t<\/div>\n\t\t\t\t\t<\/div>\n\t\t<\/section>\n\t\t\t\t<section class=\"elementor-section elementor-top-section elementor-element elementor-element-4b5d9cbc elementor-section-content-middle elementor-reverse-tablet elementor-reverse-mobile elementor-section-boxed elementor-section-height-default elementor-section-height-default\" data-id=\"4b5d9cbc\" data-element_type=\"section\" data-e-type=\"section\">\n\t\t\t\t\t\t<div class=\"elementor-container elementor-column-gap-default\">\n\t\t\t\t\t<div class=\"elementor-column elementor-col-50 elementor-top-column elementor-element elementor-element-68f04575\" data-id=\"68f04575\" data-element_type=\"column\" data-e-type=\"column\">\n\t\t\t<div class=\"elementor-widget-wrap elementor-element-populated\">\n\t\t\t\t\t\t<div class=\"elementor-element elementor-element-244ca80b elementor-widget elementor-widget-image\" data-id=\"244ca80b\" data-element_type=\"widget\" data-e-type=\"widget\" data-widget_type=\"image.default\">\n\t\t\t\t<div class=\"elementor-widget-container\">\n\t\t\t\t\t\t\t\t\t\t\t\t\t\t\t\t<a href=\"https:\/\/www.rpo-plus.com\/wp-content\/uploads\/2022\/10\/nathan-dumlao-2VA7xZx_l9Q-unsplash-1.png\" data-elementor-open-lightbox=\"yes\" data-elementor-lightbox-title=\"nathan-dumlao-2VA7xZx_l9Q-unsplash\" data-e-action-hash=\"#elementor-action%3Aaction%3Dlightbox%26settings%3DeyJpZCI6MzU3LCJ1cmwiOiJodHRwczpcL1wvd3d3LnJwby1wbHVzLmNvbVwvd3AtY29udGVudFwvdXBsb2Fkc1wvMjAyMlwvMTBcL25hdGhhbi1kdW1sYW8tMlZBN3haeF9sOVEtdW5zcGxhc2gtMS5wbmcifQ%3D%3D\">\n\t\t\t\t\t\t\t<img fetchpriority=\"high\" decoding=\"async\" width=\"2000\" height=\"3000\" src=\"https:\/\/www.rpo-plus.com\/wp-content\/uploads\/2022\/10\/nathan-dumlao-2VA7xZx_l9Q-unsplash-1.png\" class=\"attachment-full size-full wp-image-357\" alt=\"\" srcset=\"https:\/\/www.rpo-plus.com\/wp-content\/uploads\/2022\/10\/nathan-dumlao-2VA7xZx_l9Q-unsplash-1.png 2000w, https:\/\/www.rpo-plus.com\/wp-content\/uploads\/2022\/10\/nathan-dumlao-2VA7xZx_l9Q-unsplash-1-200x300.png 200w, https:\/\/www.rpo-plus.com\/wp-content\/uploads\/2022\/10\/nathan-dumlao-2VA7xZx_l9Q-unsplash-1-683x1024.png 683w, https:\/\/www.rpo-plus.com\/wp-content\/uploads\/2022\/10\/nathan-dumlao-2VA7xZx_l9Q-unsplash-1-768x1152.png 768w, https:\/\/www.rpo-plus.com\/wp-content\/uploads\/2022\/10\/nathan-dumlao-2VA7xZx_l9Q-unsplash-1-1024x1536.png 1024w, https:\/\/www.rpo-plus.com\/wp-content\/uploads\/2022\/10\/nathan-dumlao-2VA7xZx_l9Q-unsplash-1-1365x2048.png 1365w\" sizes=\"(max-width: 2000px) 100vw, 2000px\" \/>\t\t\t\t\t\t\t\t<\/a>\n\t\t\t\t\t\t\t\t\t\t\t\t\t\t\t<\/div>\n\t\t\t\t<\/div>\n\t\t\t\t<section class=\"elementor-section elementor-inner-section elementor-element elementor-element-26483413 animated-slow elementor-section-boxed elementor-section-height-default elementor-section-height-default elementor-invisible\" data-id=\"26483413\" data-element_type=\"section\" data-e-type=\"section\" data-settings=\"{&quot;animation&quot;:&quot;fadeInLeft&quot;}\">\n\t\t\t\t\t\t<div class=\"elementor-container elementor-column-gap-default\">\n\t\t\t\t\t<div class=\"elementor-column elementor-col-100 elementor-inner-column elementor-element elementor-element-670815f7\" data-id=\"670815f7\" data-element_type=\"column\" data-e-type=\"column\" data-settings=\"{&quot;background_background&quot;:&quot;classic&quot;}\">\n\t\t\t<div class=\"elementor-widget-wrap elementor-element-populated\">\n\t\t\t\t\t\t<div class=\"elementor-element elementor-element-32edbb5 elementor-widget elementor-widget-text-editor\" data-id=\"32edbb5\" data-element_type=\"widget\" data-e-type=\"widget\" data-widget_type=\"text-editor.default\">\n\t\t\t\t<div class=\"elementor-widget-container\">\n\t\t\t\t\t\t\t\t\t<p>Nos ocuparemos de sus coberturas para asegurar el futuro de su empresa.<\/p>\t\t\t\t\t\t\t\t<\/div>\n\t\t\t\t<\/div>\n\t\t\t\t\t<\/div>\n\t\t<\/div>\n\t\t\t\t\t<\/div>\n\t\t<\/section>\n\t\t\t\t\t<\/div>\n\t\t<\/div>\n\t\t\t\t<div class=\"elementor-column elementor-col-50 elementor-top-column elementor-element elementor-element-5fc384f9\" data-id=\"5fc384f9\" data-element_type=\"column\" data-e-type=\"column\">\n\t\t\t<div class=\"elementor-widget-wrap elementor-element-populated\">\n\t\t\t\t\t\t<div class=\"elementor-element elementor-element-509422ff elementor-widget elementor-widget-heading\" data-id=\"509422ff\" data-element_type=\"widget\" data-e-type=\"widget\" data-widget_type=\"heading.default\">\n\t\t\t\t<div class=\"elementor-widget-container\">\n\t\t\t\t\t<h2 class=\"elementor-heading-title elementor-size-default\">Bienvenido a nuestra compa\u00f1\u00eda de seguros\n<\/h2>\t\t\t\t<\/div>\n\t\t\t\t<\/div>\n\t\t\t\t<div class=\"elementor-element elementor-element-6066d01d elementor-widget elementor-widget-text-editor\" data-id=\"6066d01d\" data-element_type=\"widget\" data-e-type=\"widget\" data-widget_type=\"text-editor.default\">\n\t\t\t\t<div class=\"elementor-widget-container\">\n\t\t\t\t\t\t\t\t\t<p>Contamos con mas de 8 a\u00f1os de experiencia en el mercado, ayudando a nuestros clientes a encontrar la mejor opci\u00f3n y a obtener el mejor servicio, asegurando la continuidad de sus p\u00f3lizas de seguro y sus negocios.<\/p>\t\t\t\t\t\t\t\t<\/div>\n\t\t\t\t<\/div>\n\t\t\t\t<div class=\"elementor-element elementor-element-41b50243 elementor-widget elementor-widget-heading\" data-id=\"41b50243\" data-element_type=\"widget\" data-e-type=\"widget\" data-widget_type=\"heading.default\">\n\t\t\t\t<div class=\"elementor-widget-container\">\n\t\t\t\t\t<h3 class=\"elementor-heading-title elementor-size-default\">Por qu\u00e9 elegirnos?<\/h3>\t\t\t\t<\/div>\n\t\t\t\t<\/div>\n\t\t\t\t<div class=\"elementor-element elementor-element-26311d8 elementor-widget elementor-widget-text-editor\" data-id=\"26311d8\" data-element_type=\"widget\" data-e-type=\"widget\" data-widget_type=\"text-editor.default\">\n\t\t\t\t<div class=\"elementor-widget-container\">\n\t\t\t\t\t\t\t\t\t<div dir=\"auto\">Consideramos las relaciones a largo plazo con nuestros clientes como la clave del \u00e9xito, por ende, constantemente estamos buscando la forma de mejorar nuestras herramientas y procesos.<\/div>\t\t\t\t\t\t\t\t<\/div>\n\t\t\t\t<\/div>\n\t\t\t\t<div class=\"elementor-element elementor-element-054e07b elementor-widget elementor-widget-text-editor\" data-id=\"054e07b\" data-element_type=\"widget\" data-e-type=\"widget\" data-widget_type=\"text-editor.default\">\n\t\t\t\t<div class=\"elementor-widget-container\">\n\t\t\t\t\t\t\t\t\t<div dir=\"auto\">Como inmigrantes consideramos el trabajo honesto y la excelencia como nuestro mapa de ruta y \u00fanico camino para triunfar en este pa\u00eds.<\/div>\t\t\t\t\t\t\t\t<\/div>\n\t\t\t\t<\/div>\n\t\t\t\t<div class=\"elementor-element elementor-element-160fef5 elementor-widget elementor-widget-spacer\" data-id=\"160fef5\" data-element_type=\"widget\" data-e-type=\"widget\" data-widget_type=\"spacer.default\">\n\t\t\t\t<div class=\"elementor-widget-container\">\n\t\t\t\t\t\t\t<div class=\"elementor-spacer\">\n\t\t\t<div class=\"elementor-spacer-inner\"><\/div>\n\t\t<\/div>\n\t\t\t\t\t\t<\/div>\n\t\t\t\t<\/div>\n\t\t\t\t\t<\/div>\n\t\t<\/div>\n\t\t\t\t\t<\/div>\n\t\t<\/section>\n\t\t\t\t<section class=\"elementor-section elementor-top-section elementor-element elementor-element-15a1722 elementor-section-boxed elementor-section-height-default elementor-section-height-default\" data-id=\"15a1722\" data-element_type=\"section\" data-e-type=\"section\">\n\t\t\t\t\t\t<div class=\"elementor-container elementor-column-gap-default\">\n\t\t\t\t\t<div class=\"elementor-column elementor-col-100 elementor-top-column elementor-element elementor-element-acf5839\" data-id=\"acf5839\" data-element_type=\"column\" data-e-type=\"column\">\n\t\t\t<div class=\"elementor-widget-wrap elementor-element-populated\">\n\t\t\t\t\t\t<div class=\"elementor-element elementor-element-35659c8 elementor-align-left elementor-widget__width-auto elementor-fixed elementor-widget elementor-widget-button\" data-id=\"35659c8\" data-element_type=\"widget\" data-e-type=\"widget\" data-settings=\"{&quot;_position&quot;:&quot;fixed&quot;}\" data-widget_type=\"button.default\">\n\t\t\t\t<div class=\"elementor-widget-container\">\n\t\t\t\t\t\t\t\t\t<div class=\"elementor-button-wrapper\">\n\t\t\t\t\t<a class=\"elementor-button elementor-button-link elementor-size-sm\" href=\"https:\/\/wa.me\/+17867580928?text=\u00a1Hello!%20I%20need%20more%20information.\" target=\"_blank\">\n\t\t\t\t\t\t<span class=\"elementor-button-content-wrapper\">\n\t\t\t\t\t\t<span class=\"elementor-button-icon\">\n\t\t\t\t<i aria-hidden=\"true\" class=\"fab fa-whatsapp\"><\/i>\t\t\t<\/span>\n\t\t\t\t\t\t\t\t<\/span>\n\t\t\t\t\t<\/a>\n\t\t\t\t<\/div>\n\t\t\t\t\t\t\t\t<\/div>\n\t\t\t\t<\/div>\n\t\t\t\t\t<\/div>\n\t\t<\/div>\n\t\t\t\t\t<\/div>\n\t\t<\/section>\n\t\t\t\t<section class=\"elementor-section elementor-top-section elementor-element elementor-element-026eb17 elementor-section-boxed elementor-section-height-default elementor-section-height-default\" data-id=\"026eb17\" data-element_type=\"section\" data-e-type=\"section\">\n\t\t\t\t\t\t<div class=\"elementor-container elementor-column-gap-default\">\n\t\t\t\t\t<div class=\"elementor-column elementor-col-100 elementor-top-column elementor-element elementor-element-85e42a2\" data-id=\"85e42a2\" data-element_type=\"column\" data-e-type=\"column\">\n\t\t\t<div class=\"elementor-widget-wrap elementor-element-populated\">\n\t\t\t\t\t\t<div class=\"elementor-element elementor-element-a48f0df elementor-align-left elementor-widget__width-auto elementor-fixed elementor-widget elementor-widget-button\" data-id=\"a48f0df\" data-element_type=\"widget\" data-e-type=\"widget\" data-settings=\"{&quot;_position&quot;:&quot;fixed&quot;}\" data-widget_type=\"button.default\">\n\t\t\t\t<div class=\"elementor-widget-container\">\n\t\t\t\t\t\t\t\t\t<div class=\"elementor-button-wrapper\">\n\t\t\t\t\t<a class=\"elementor-button elementor-button-link elementor-size-sm\" href=\"tel:%20+17867580928\">\n\t\t\t\t\t\t<span class=\"elementor-button-content-wrapper\">\n\t\t\t\t\t\t<span class=\"elementor-button-icon\">\n\t\t\t\t<i aria-hidden=\"true\" class=\"fas fa-phone\"><\/i>\t\t\t<\/span>\n\t\t\t\t\t\t\t\t<\/span>\n\t\t\t\t\t<\/a>\n\t\t\t\t<\/div>\n\t\t\t\t\t\t\t\t<\/div>\n\t\t\t\t<\/div>\n\t\t\t\t\t<\/div>\n\t\t<\/div>\n\t\t\t\t\t<\/div>\n\t\t<\/section>\n\t\t\t\t<section class=\"elementor-section elementor-top-section elementor-element elementor-element-9d6484c elementor-section-boxed elementor-section-height-default elementor-section-height-default\" data-id=\"9d6484c\" data-element_type=\"section\" data-e-type=\"section\">\n\t\t\t\t\t\t<div class=\"elementor-container elementor-column-gap-default\">\n\t\t\t\t\t<div class=\"elementor-column elementor-col-100 elementor-top-column elementor-element elementor-element-127001d\" data-id=\"127001d\" data-element_type=\"column\" data-e-type=\"column\">\n\t\t\t<div class=\"elementor-widget-wrap elementor-element-populated\">\n\t\t\t\t\t\t<div class=\"elementor-element elementor-element-15a753a elementor-align-left elementor-widget__width-auto elementor-fixed elementor-widget elementor-widget-button\" data-id=\"15a753a\" data-element_type=\"widget\" data-e-type=\"widget\" data-settings=\"{&quot;_position&quot;:&quot;fixed&quot;}\" data-widget_type=\"button.default\">\n\t\t\t\t<div class=\"elementor-widget-container\">\n\t\t\t\t\t\t\t\t\t<div class=\"elementor-button-wrapper\">\n\t\t\t\t\t<a class=\"elementor-button elementor-button-link elementor-size-sm\" href=\"#elementor-action%3Aaction%3Dpopup%3Aopen%26settings%3DeyJpZCI6IjI0MCIsInRvZ2dsZSI6ZmFsc2V9\">\n\t\t\t\t\t\t<span class=\"elementor-button-content-wrapper\">\n\t\t\t\t\t\t<span class=\"elementor-button-icon\">\n\t\t\t\t<svg xmlns=\"http:\/\/www.w3.org\/2000\/svg\" viewbox=\"0 0 18.04 14.9\"><defs><style>.cls-1{fill:#fff;}<\/style><\/defs><g id=\"Capa_2\" data-name=\"Capa 2\"><g id=\"ELEMENTS\"><path class=\"cls-1\" d=\"M1.28,14.26A4.86,4.86,0,0,1,0,10.48,12.1,12.1,0,0,1,.17,8.37a15.06,15.06,0,0,1,2.43-6C3.71.77,4.88,0,6.11,0A2.71,2.71,0,0,1,8.67,2,4.43,4.43,0,0,1,8.92,3.5a1.56,1.56,0,0,1-.3,1.09.73.73,0,0,1-.54.26c-.33,0-.66-.24-.81-.77a6.69,6.69,0,0,1-.15-.73,5,5,0,0,0-.29-1.12.7.7,0,0,0-.7-.49c-.89,0-1.73.75-2.54,2.22A14.67,14.67,0,0,0,2,8.54a12.65,12.65,0,0,0-.17,2l0,.68a2.63,2.63,0,0,0,.23,1,1.11,1.11,0,0,0,1,.8c.8,0,1.54-.6,2.23-1.8a1,1,0,0,1,.87-.55c.46,0,.69.21.69.64a2.74,2.74,0,0,1-.76,1.8,6.51,6.51,0,0,1-1.55,1.33,3.06,3.06,0,0,1-1.5.52A2.58,2.58,0,0,1,1.28,14.26Z\"><\/path><path class=\"cls-1\" d=\"M8.43,13.63a3.48,3.48,0,0,1-1-2.73c0-.41,0-.7,0-.86a7.41,7.41,0,0,1,.31-1.31A6.61,6.61,0,0,1,8.65,7a3.52,3.52,0,0,1,3-1.76A2.14,2.14,0,0,1,13.71,7a5.29,5.29,0,0,1,.22,1.58v.59a5.76,5.76,0,0,1-.24,1.27,5.55,5.55,0,0,1-1.75,2.92,3.25,3.25,0,0,1-2.1.76A1.92,1.92,0,0,1,8.43,13.63Zm2.32-1.25A6.29,6.29,0,0,0,12,9.57a8.06,8.06,0,0,0,.2-1.73c0-1-.27-1.57-.81-1.57a1.06,1.06,0,0,0-.8.49A7,7,0,0,0,9.44,9.57a8,8,0,0,0-.27,1.89c0,.93.22,1.4.65,1.4A1.26,1.26,0,0,0,10.75,12.38Z\"><\/path><path class=\"cls-1\" d=\"M14.58,13.83a1,1,0,0,1-.34-.7,12.35,12.35,0,0,1,.25-1.8c.17-.92.41-1.9.68-2.95A14.12,14.12,0,0,1,16,5.87a1,1,0,0,1,.85-.63,1.1,1.1,0,0,1,.6.16.45.45,0,0,1,.21.4c0,.13-.2,1-.62,2.65s-.72,3.14-1,4.49a2.12,2.12,0,0,1-.23.7c-.19.33-.4.49-.61.49A1,1,0,0,1,14.58,13.83ZM16,4.06a1.42,1.42,0,0,1,.29-.83,1.26,1.26,0,0,1,1.06-.61.63.63,0,0,1,.66.71,1.44,1.44,0,0,1-.29.82A1.61,1.61,0,0,1,17,4.7a1,1,0,0,1-.35.07A.63.63,0,0,1,16,4.06Z\"><\/path><\/g><\/g><\/svg>\t\t\t<\/span>\n\t\t\t\t\t\t\t\t<\/span>\n\t\t\t\t\t<\/a>\n\t\t\t\t<\/div>\n\t\t\t\t\t\t\t\t<\/div>\n\t\t\t\t<\/div>\n\t\t\t\t\t<\/div>\n\t\t<\/div>\n\t\t\t\t\t<\/div>\n\t\t<\/section>\n\t\t\t\t<\/div>","protected":false},"excerpt":{"rendered":"<p>About Us Home About Us We will take care of your transportation needs to insure your company\u2019s future. Welcome To Our Insurance Company With more than 8 years of experience in the transportation market, our customers receive the best coverage possible for a great value. Why Choose Us We trust that a long term commercial [&hellip;]<\/p>\n","protected":false},"author":1,"featured_media":0,"parent":0,"menu_order":0,"comment_status":"closed","ping_status":"closed","template":"elementor_header_footer","meta":{"footnotes":""},"class_list":["post-74","page","type-page","status-publish","hentry"],"yoast_head":"<!-- This site is optimized with the Yoast SEO plugin v27.4 - https:\/\/yoast.com\/product\/yoast-seo-wordpress\/ -->\n<title>About Us - Rpo-plus<\/title>\n<meta name=\"robots\" content=\"index, follow, max-snippet:-1, max-image-preview:large, max-video-preview:-1\" \/>\n<link rel=\"canonical\" href=\"https:\/\/www.rpo-plus.com\/es\/about-us\/\" \/>\n<meta property=\"og:locale\" content=\"es_ES\" \/>\n<meta property=\"og:type\" content=\"article\" \/>\n<meta property=\"og:title\" content=\"About Us - Rpo-plus\" \/>\n<meta property=\"og:description\" content=\"About Us Home About Us We will take care of your transportation needs to insure your company\u2019s future. Welcome To Our Insurance Company With more than 8 years of experience in the transportation market, our customers receive the best coverage possible for a great value. Why Choose Us We trust that a long term commercial [&hellip;]\" \/>\n<meta property=\"og:url\" content=\"https:\/\/www.rpo-plus.com\/es\/about-us\/\" \/>\n<meta property=\"og:site_name\" content=\"Rpo-plus\" \/>\n<meta property=\"article:modified_time\" content=\"2023-07-07T13:15:42+00:00\" \/>\n<meta property=\"og:image\" content=\"https:\/\/www.rpo-plus.com\/wp-content\/uploads\/2022\/10\/nathan-dumlao-2VA7xZx_l9Q-unsplash-1.png\" \/>\n<meta name=\"twitter:card\" content=\"summary_large_image\" \/>\n<script type=\"application\/ld+json\" class=\"yoast-schema-graph\">{\"@context\":\"https:\\\/\\\/schema.org\",\"@graph\":[{\"@type\":\"WebPage\",\"@id\":\"https:\\\/\\\/www.rpo-plus.com\\\/about-us\\\/\",\"url\":\"https:\\\/\\\/www.rpo-plus.com\\\/about-us\\\/\",\"name\":\"About Us - Rpo-plus\",\"isPartOf\":{\"@id\":\"https:\\\/\\\/www.rpo-plus.com\\\/#website\"},\"primaryImageOfPage\":{\"@id\":\"https:\\\/\\\/www.rpo-plus.com\\\/about-us\\\/#primaryimage\"},\"image\":{\"@id\":\"https:\\\/\\\/www.rpo-plus.com\\\/about-us\\\/#primaryimage\"},\"thumbnailUrl\":\"https:\\\/\\\/www.rpo-plus.com\\\/wp-content\\\/uploads\\\/2022\\\/10\\\/nathan-dumlao-2VA7xZx_l9Q-unsplash-1.png\",\"datePublished\":\"2022-10-02T06:09:01+00:00\",\"dateModified\":\"2023-07-07T13:15:42+00:00\",\"breadcrumb\":{\"@id\":\"https:\\\/\\\/www.rpo-plus.com\\\/about-us\\\/#breadcrumb\"},\"inLanguage\":\"es\",\"potentialAction\":[{\"@type\":\"ReadAction\",\"target\":[\"https:\\\/\\\/www.rpo-plus.com\\\/about-us\\\/\"]}]},{\"@type\":\"ImageObject\",\"inLanguage\":\"es\",\"@id\":\"https:\\\/\\\/www.rpo-plus.com\\\/about-us\\\/#primaryimage\",\"url\":\"https:\\\/\\\/www.rpo-plus.com\\\/wp-content\\\/uploads\\\/2022\\\/10\\\/nathan-dumlao-2VA7xZx_l9Q-unsplash-1.png\",\"contentUrl\":\"https:\\\/\\\/www.rpo-plus.com\\\/wp-content\\\/uploads\\\/2022\\\/10\\\/nathan-dumlao-2VA7xZx_l9Q-unsplash-1.png\"},{\"@type\":\"BreadcrumbList\",\"@id\":\"https:\\\/\\\/www.rpo-plus.com\\\/about-us\\\/#breadcrumb\",\"itemListElement\":[{\"@type\":\"ListItem\",\"position\":1,\"name\":\"Home\",\"item\":\"https:\\\/\\\/www.rpo-plus.com\\\/\"},{\"@type\":\"ListItem\",\"position\":2,\"name\":\"About Us\"}]},{\"@type\":\"WebSite\",\"@id\":\"https:\\\/\\\/www.rpo-plus.com\\\/#website\",\"url\":\"https:\\\/\\\/www.rpo-plus.com\\\/\",\"name\":\"Rpo-plus\",\"description\":\"Rpo-plus\",\"publisher\":{\"@id\":\"https:\\\/\\\/www.rpo-plus.com\\\/#organization\"},\"potentialAction\":[{\"@type\":\"SearchAction\",\"target\":{\"@type\":\"EntryPoint\",\"urlTemplate\":\"https:\\\/\\\/www.rpo-plus.com\\\/?s={search_term_string}\"},\"query-input\":{\"@type\":\"PropertyValueSpecification\",\"valueRequired\":true,\"valueName\":\"search_term_string\"}}],\"inLanguage\":\"es\"},{\"@type\":\"Organization\",\"@id\":\"https:\\\/\\\/www.rpo-plus.com\\\/#organization\",\"name\":\"RPO Plus Trust Insurance LLC\",\"url\":\"https:\\\/\\\/www.rpo-plus.com\\\/\",\"logo\":{\"@type\":\"ImageObject\",\"inLanguage\":\"es\",\"@id\":\"https:\\\/\\\/www.rpo-plus.com\\\/#\\\/schema\\\/logo\\\/image\\\/\",\"url\":\"https:\\\/\\\/www.rpo-plus.com\\\/wp-content\\\/uploads\\\/2022\\\/10\\\/3Recurso-13@3x.png\",\"contentUrl\":\"https:\\\/\\\/www.rpo-plus.com\\\/wp-content\\\/uploads\\\/2022\\\/10\\\/3Recurso-13@3x.png\",\"width\":1997,\"height\":1164,\"caption\":\"RPO Plus Trust Insurance LLC\"},\"image\":{\"@id\":\"https:\\\/\\\/www.rpo-plus.com\\\/#\\\/schema\\\/logo\\\/image\\\/\"}}]}<\/script>\n<!-- \/ Yoast SEO plugin. -->","yoast_head_json":{"title":"About Us - Rpo-plus","robots":{"index":"index","follow":"follow","max-snippet":"max-snippet:-1","max-image-preview":"max-image-preview:large","max-video-preview":"max-video-preview:-1"},"canonical":"https:\/\/www.rpo-plus.com\/es\/about-us\/","og_locale":"es_ES","og_type":"article","og_title":"About Us - Rpo-plus","og_description":"About Us Home About Us We will take care of your transportation needs to insure your company\u2019s future. Welcome To Our Insurance Company With more than 8 years of experience in the transportation market, our customers receive the best coverage possible for a great value. Why Choose Us We trust that a long term commercial [&hellip;]","og_url":"https:\/\/www.rpo-plus.com\/es\/about-us\/","og_site_name":"Rpo-plus","article_modified_time":"2023-07-07T13:15:42+00:00","og_image":[{"url":"https:\/\/www.rpo-plus.com\/wp-content\/uploads\/2022\/10\/nathan-dumlao-2VA7xZx_l9Q-unsplash-1.png","type":"","width":"","height":""}],"twitter_card":"summary_large_image","schema":{"@context":"https:\/\/schema.org","@graph":[{"@type":"WebPage","@id":"https:\/\/www.rpo-plus.com\/about-us\/","url":"https:\/\/www.rpo-plus.com\/about-us\/","name":"About Us - Rpo-plus","isPartOf":{"@id":"https:\/\/www.rpo-plus.com\/#website"},"primaryImageOfPage":{"@id":"https:\/\/www.rpo-plus.com\/about-us\/#primaryimage"},"image":{"@id":"https:\/\/www.rpo-plus.com\/about-us\/#primaryimage"},"thumbnailUrl":"https:\/\/www.rpo-plus.com\/wp-content\/uploads\/2022\/10\/nathan-dumlao-2VA7xZx_l9Q-unsplash-1.png","datePublished":"2022-10-02T06:09:01+00:00","dateModified":"2023-07-07T13:15:42+00:00","breadcrumb":{"@id":"https:\/\/www.rpo-plus.com\/about-us\/#breadcrumb"},"inLanguage":"es","potentialAction":[{"@type":"ReadAction","target":["https:\/\/www.rpo-plus.com\/about-us\/"]}]},{"@type":"ImageObject","inLanguage":"es","@id":"https:\/\/www.rpo-plus.com\/about-us\/#primaryimage","url":"https:\/\/www.rpo-plus.com\/wp-content\/uploads\/2022\/10\/nathan-dumlao-2VA7xZx_l9Q-unsplash-1.png","contentUrl":"https:\/\/www.rpo-plus.com\/wp-content\/uploads\/2022\/10\/nathan-dumlao-2VA7xZx_l9Q-unsplash-1.png"},{"@type":"BreadcrumbList","@id":"https:\/\/www.rpo-plus.com\/about-us\/#breadcrumb","itemListElement":[{"@type":"ListItem","position":1,"name":"Home","item":"https:\/\/www.rpo-plus.com\/"},{"@type":"ListItem","position":2,"name":"About Us"}]},{"@type":"WebSite","@id":"https:\/\/www.rpo-plus.com\/#website","url":"https:\/\/www.rpo-plus.com\/","name":"Rpo-plus","description":"Rpo-plus","publisher":{"@id":"https:\/\/www.rpo-plus.com\/#organization"},"potentialAction":[{"@type":"SearchAction","target":{"@type":"EntryPoint","urlTemplate":"https:\/\/www.rpo-plus.com\/?s={search_term_string}"},"query-input":{"@type":"PropertyValueSpecification","valueRequired":true,"valueName":"search_term_string"}}],"inLanguage":"es"},{"@type":"Organization","@id":"https:\/\/www.rpo-plus.com\/#organization","name":"RPO Plus Trust Insurance LLC","url":"https:\/\/www.rpo-plus.com\/","logo":{"@type":"ImageObject","inLanguage":"es","@id":"https:\/\/www.rpo-plus.com\/#\/schema\/logo\/image\/","url":"https:\/\/www.rpo-plus.com\/wp-content\/uploads\/2022\/10\/3Recurso-13@3x.png","contentUrl":"https:\/\/www.rpo-plus.com\/wp-content\/uploads\/2022\/10\/3Recurso-13@3x.png","width":1997,"height":1164,"caption":"RPO Plus Trust Insurance LLC"},"image":{"@id":"https:\/\/www.rpo-plus.com\/#\/schema\/logo\/image\/"}}]}},"_links":{"self":[{"href":"https:\/\/www.rpo-plus.com\/es\/wp-json\/wp\/v2\/pages\/74","targetHints":{"allow":["GET"]}}],"collection":[{"href":"https:\/\/www.rpo-plus.com\/es\/wp-json\/wp\/v2\/pages"}],"about":[{"href":"https:\/\/www.rpo-plus.com\/es\/wp-json\/wp\/v2\/types\/page"}],"author":[{"embeddable":true,"href":"https:\/\/www.rpo-plus.com\/es\/wp-json\/wp\/v2\/users\/1"}],"replies":[{"embeddable":true,"href":"https:\/\/www.rpo-plus.com\/es\/wp-json\/wp\/v2\/comments?post=74"}],"version-history":[{"count":43,"href":"https:\/\/www.rpo-plus.com\/es\/wp-json\/wp\/v2\/pages\/74\/revisions"}],"predecessor-version":[{"id":596,"href":"https:\/\/www.rpo-plus.com\/es\/wp-json\/wp\/v2\/pages\/74\/revisions\/596"}],"wp:attachment":[{"href":"https:\/\/www.rpo-plus.com\/es\/wp-json\/wp\/v2\/media?parent=74"}],"curies":[{"name":"wp","href":"https:\/\/api.w.org\/{rel}","templated":true}]}}